{"id":129,"date":"2023-10-17T15:41:14","date_gmt":"2023-10-17T15:41:14","guid":{"rendered":"https:\/\/brab.mx\/?page_id=129"},"modified":"2026-03-03T21:39:48","modified_gmt":"2026-03-03T21:39:48","slug":"contacto","status":"publish","type":"page","link":"https:\/\/brab.mx\/en\/contacto\/","title":{"rendered":"Contact"},"content":{"rendered":"<div data-elementor-type=\"wp-page\" data-elementor-id=\"129\" class=\"elementor elementor-129\" data-elementor-post-type=\"page\">\n\t\t\t\t<div class=\"elementor-element elementor-element-a127983 e-flex e-con-boxed e-con e-parent\" data-id=\"a127983\" data-element_type=\"container\" data-e-type=\"container\">\n\t\t\t\t\t<div class=\"e-con-inner\">\n\t\t<div class=\"elementor-element elementor-element-791fb48 e-con-full e-flex e-con e-child\" data-id=\"791fb48\" data-element_type=\"container\" data-e-type=\"container\">\n\t\t\t\t<div class=\"elementor-element elementor-element-3f2cd10 animated-slow elementor-widget__width-initial elementor-invisible elementor-widget elementor-widget-heading\" data-id=\"3f2cd10\" data-element_type=\"widget\" data-e-type=\"widget\" data-settings=\"{&quot;_animation&quot;:&quot;fadeIn&quot;}\" data-widget_type=\"heading.default\">\n\t\t\t\t\t<h2 class=\"elementor-heading-title elementor-size-default\">Our team is always available to support you.<\/h2>\t\t\t\t<\/div>\n\t\t\t\t<\/div>\n\t\t<div class=\"elementor-element elementor-element-4e94f15 e-con-full e-flex e-con e-child\" data-id=\"4e94f15\" data-element_type=\"container\" data-e-type=\"container\">\n\t\t\t\t<div class=\"elementor-element elementor-element-d596700 animated-slow elementor-invisible elementor-widget elementor-widget-text-editor\" data-id=\"d596700\" data-element_type=\"widget\" data-e-type=\"widget\" data-settings=\"{&quot;_animation&quot;:&quot;fadeIn&quot;}\" data-widget_type=\"text-editor.default\">\n\t\t\t\t\t\t\t\t\t<p>CONTACT US<\/p>\t\t\t\t\t\t\t\t<\/div>\n\t\t\t\t<div class=\"elementor-element elementor-element-b1f33ca elementor-invisible elementor-widget elementor-widget-text-editor\" data-id=\"b1f33ca\" data-element_type=\"widget\" data-e-type=\"widget\" data-settings=\"{&quot;_animation&quot;:&quot;fadeIn&quot;}\" data-widget_type=\"text-editor.default\">\n\t\t\t\t\t\t\t\t\t<p><span style=\"text-decoration: underline;\"><a href=\"mailto:contacto@brab.mx\">contacto@brab.mx<\/a><\/span><\/p><p>+52 (33) 2303 9084<br \/>+52 (33) 2303 9085<\/p><p><a href=\"https:\/\/maps.app.goo.gl\/wKzTdpzsQ2Em31gA8\" target=\"_blank\" rel=\"noopener\">Avenida Patria 1721, Suite 1302, Torre Hip\u00f3dromo, Colomos Providencia, Guadalajara, Jalisco, Mexico, ZIP Code 44660<\/a><\/p>\t\t\t\t\t\t\t\t<\/div>\n\t\t\t\t<div class=\"elementor-element elementor-element-f2de716 animated-slow elementor-invisible elementor-widget elementor-widget-text-editor\" data-id=\"f2de716\" data-element_type=\"widget\" data-e-type=\"widget\" data-settings=\"{&quot;_animation&quot;:&quot;fadeIn&quot;}\" data-widget_type=\"text-editor.default\">\n\t\t\t\t\t\t\t\t\t<p>FOLLOW US<\/p>\t\t\t\t\t\t\t\t<\/div>\n\t\t\t\t<div class=\"elementor-element elementor-element-dcc0cb5 elementor-invisible elementor-widget elementor-widget-text-editor\" data-id=\"dcc0cb5\" data-element_type=\"widget\" data-e-type=\"widget\" data-settings=\"{&quot;_animation&quot;:&quot;fadeIn&quot;}\" data-widget_type=\"text-editor.default\">\n\t\t\t\t\t\t\t\t\t<p><a href=\"https:\/\/mx.linkedin.com\/company\/brab-abogados\" target=\"_blank\" rel=\"noopener\">Linkedin<\/a><br \/><a href=\"https:\/\/maps.app.goo.gl\/wKzTdpzsQ2Em31gA8\" target=\"_blank\" rel=\"noopener\">Google Maps<\/a><\/p>\t\t\t\t\t\t\t\t<\/div>\n\t\t\t\t<\/div>\n\t\t\t\t\t<\/div>\n\t\t\t\t<\/div>\n\t\t\t\t<\/div>","protected":false},"excerpt":{"rendered":"<p>Nuestro equipo est\u00e1 siempre disponible para apoyarte. CONT\u00c1CTANOS contacto@brab.mx +52 (33) 2303 9084+52 (33) 2303 9085 Avenida Patria 1721, Suite 1302, Torre Hip\u00f3dromo, Colomos Providencia, Guadalajara, Jalisco, Mx. C.P. 44660 S\u00cdGUENOS LinkedinGoogle Maps<\/p>","protected":false},"author":1,"featured_media":0,"parent":0,"menu_order":0,"comment_status":"closed","ping_status":"closed","template":"","meta":{"footnotes":""},"class_list":["post-129","page","type-page","status-publish","hentry"],"_links":{"self":[{"href":"https:\/\/brab.mx\/en\/wp-json\/wp\/v2\/pages\/129","targetHints":{"allow":["GET"]}}],"collection":[{"href":"https:\/\/brab.mx\/en\/wp-json\/wp\/v2\/pages"}],"about":[{"href":"https:\/\/brab.mx\/en\/wp-json\/wp\/v2\/types\/page"}],"author":[{"embeddable":true,"href":"https:\/\/brab.mx\/en\/wp-json\/wp\/v2\/users\/1"}],"replies":[{"embeddable":true,"href":"https:\/\/brab.mx\/en\/wp-json\/wp\/v2\/comments?post=129"}],"version-history":[{"count":7,"href":"https:\/\/brab.mx\/en\/wp-json\/wp\/v2\/pages\/129\/revisions"}],"predecessor-version":[{"id":910,"href":"https:\/\/brab.mx\/en\/wp-json\/wp\/v2\/pages\/129\/revisions\/910"}],"wp:attachment":[{"href":"https:\/\/brab.mx\/en\/wp-json\/wp\/v2\/media?parent=129"}],"curies":[{"name":"wp","href":"https:\/\/api.w.org\/{rel}","templated":true}]}}